{"id":5290,"date":"2025-06-17T06:11:45","date_gmt":"2025-06-17T06:11:45","guid":{"rendered":"https:\/\/desarrollo.niveldecalidad.com\/politique-de-confidentialite\/"},"modified":"2025-06-19T11:09:14","modified_gmt":"2025-06-19T11:09:14","slug":"politique-de-confidentialite","status":"publish","type":"page","link":"https:\/\/desarrollo.niveldecalidad.com\/fr\/politique-de-confidentialite\/","title":{"rendered":"Politique de confidentialit\u00e9"},"content":{"rendered":"\t\t<div data-elementor-type=\"wp-page\" data-elementor-id=\"5290\" class=\"elementor elementor-5290 elementor-4214\" data-elementor-post-type=\"page\">\n\t\t\t\t\t\t<section class=\"elementor-section elementor-top-section elementor-element elementor-element-4036881 elementor-section-boxed elementor-section-height-default elementor-section-height-default\" data-id=\"4036881\" data-element_type=\"section\">\n\t\t\t\t\t\t<div class=\"elementor-container elementor-column-gap-default\">\n\t\t\t\t\t<div class=\"elementor-column elementor-col-100 elementor-top-column elementor-element elementor-element-695039e\" data-id=\"695039e\" data-element_type=\"column\">\n\t\t\t<div class=\"elementor-widget-wrap elementor-element-populated\">\n\t\t\t\t\t\t<div class=\"elementor-element elementor-element-ac9f04f elementor-widget elementor-widget-heading\" data-id=\"ac9f04f\" data-element_type=\"widget\" data-widget_type=\"heading.default\">\n\t\t\t\t<div class=\"elementor-widget-container\">\n\t\t\t\t\t<h3 class=\"elementor-heading-title elementor-size-default\">Les donn\u00e9es \u00e0 caract\u00e8re personnel sont trait\u00e9es aux fins suivantes et en utilisant les services suivants :<\/h3>\t\t\t\t<\/div>\n\t\t\t\t<\/div>\n\t\t\t\t\t<\/div>\n\t\t<\/div>\n\t\t\t\t\t<\/div>\n\t\t<\/section>\n\t\t\t\t<section class=\"elementor-section elementor-top-section elementor-element elementor-element-9aa7177 elementor-section-boxed elementor-section-height-default elementor-section-height-default\" data-id=\"9aa7177\" data-element_type=\"section\">\n\t\t\t\t\t\t<div class=\"elementor-container elementor-column-gap-default\">\n\t\t\t\t\t<div class=\"elementor-column elementor-col-50 elementor-top-column elementor-element elementor-element-e4677da\" data-id=\"e4677da\" data-element_type=\"column\">\n\t\t\t<div class=\"elementor-widget-wrap elementor-element-populated\">\n\t\t\t\t\t\t<div class=\"elementor-element elementor-element-294d16e elementor-widget elementor-widget-text-editor\" data-id=\"294d16e\" data-element_type=\"widget\" data-widget_type=\"text-editor.default\">\n\t\t\t\t<div class=\"elementor-widget-container\">\n\t\t\t\t\t\t\t\t\t<ul class=\"for_boxes\"><li><div class=\"iconed policyicon_purpose_16\"><h5>Acc\u00e8s aux comptes de services de tiers<\/h5><h5>Acc\u00e8s au compte Facebook<\/h5><p>Autorisations : Donn\u00e9es d&#8217;utilisation ; Adresse \u00e9lectronique ; Informations sur l&#8217;appareil ; Traceurs<\/p><\/div><\/li><\/ul>\t\t\t\t\t\t\t\t<\/div>\n\t\t\t\t<\/div>\n\t\t\t\t\t<\/div>\n\t\t<\/div>\n\t\t\t\t<div class=\"elementor-column elementor-col-50 elementor-top-column elementor-element elementor-element-0337b16\" data-id=\"0337b16\" data-element_type=\"column\">\n\t\t\t<div class=\"elementor-widget-wrap elementor-element-populated\">\n\t\t\t\t\t\t<div class=\"elementor-element elementor-element-960742d elementor-widget elementor-widget-text-editor\" data-id=\"960742d\" data-element_type=\"widget\" data-widget_type=\"text-editor.default\">\n\t\t\t\t<div class=\"elementor-widget-container\">\n\t\t\t\t\t\t\t\t\t<ul class=\"for_boxes\">\n \t<li>\n<div class=\"iconed policyicon_purpose_5\">\n<h5>Statistiques<\/h5>\n<h5>Google Analytics 4<\/h5>\nDonn\u00e9es personnelles : nombre d&#8217;utilisateurs ; donn\u00e9es d&#8217;utilisation ; statistiques de session ; traceurs\n<\/div><\/li>\n<\/ul>\t\t\t\t\t\t\t\t<\/div>\n\t\t\t\t<\/div>\n\t\t\t\t\t<\/div>\n\t\t<\/div>\n\t\t\t\t\t<\/div>\n\t\t<\/section>\n\t\t\t\t<section class=\"elementor-section elementor-top-section elementor-element elementor-element-90259ad elementor-section-boxed elementor-section-height-default elementor-section-height-default\" data-id=\"90259ad\" data-element_type=\"section\">\n\t\t\t\t\t\t<div class=\"elementor-container elementor-column-gap-default\">\n\t\t\t\t\t<div class=\"elementor-column elementor-col-50 elementor-top-column elementor-element elementor-element-97c344e\" data-id=\"97c344e\" data-element_type=\"column\">\n\t\t\t<div class=\"elementor-widget-wrap elementor-element-populated\">\n\t\t\t\t\t\t<div class=\"elementor-element elementor-element-4037e48 elementor-widget elementor-widget-text-editor\" data-id=\"4037e48\" data-element_type=\"widget\" data-widget_type=\"text-editor.default\">\n\t\t\t\t<div class=\"elementor-widget-container\">\n\t\t\t\t\t\t\t\t\t<ul class=\"for_boxes\">\n \t<li>\n<div class=\"iconed policyicon_purpose_48\">\n<h5>Gestion des \u00e9tiquettes<\/h5>\n<h5>Google Tag Manager<\/h5>\nDonn\u00e9es personnelles : donn\u00e9es d&#8217;utilisation ; traceurs\n<\/div><\/li>\n<\/ul>\t\t\t\t\t\t\t\t<\/div>\n\t\t\t\t<\/div>\n\t\t\t\t\t<\/div>\n\t\t<\/div>\n\t\t\t\t<div class=\"elementor-column elementor-col-50 elementor-top-column elementor-element elementor-element-c26cd22\" data-id=\"c26cd22\" data-element_type=\"column\">\n\t\t\t<div class=\"elementor-widget-wrap elementor-element-populated\">\n\t\t\t\t\t\t<div class=\"elementor-element elementor-element-2b86a35 elementor-widget elementor-widget-text-editor\" data-id=\"2b86a35\" data-element_type=\"widget\" data-widget_type=\"text-editor.default\">\n\t\t\t\t<div class=\"elementor-widget-container\">\n\t\t\t\t\t\t\t\t\t<ul class=\"for_boxes\">\n \t<li>\n<div class=\"iconed policyicon_purpose_25\">\n<h5>Afficher du contenu provenant de plateformes externes<\/h5>\n<h5>Widget Google Maps<\/h5>\nDonn\u00e9es personnelles : donn\u00e9es d&#8217;utilisation ; traceurs\n<\/div><\/li>\n<\/ul>\t\t\t\t\t\t\t\t<\/div>\n\t\t\t\t<\/div>\n\t\t\t\t\t<\/div>\n\t\t<\/div>\n\t\t\t\t\t<\/div>\n\t\t<\/section>\n\t\t\t\t<section class=\"elementor-section elementor-top-section elementor-element elementor-element-bb89a86 elementor-section-boxed elementor-section-height-default elementor-section-height-default\" data-id=\"bb89a86\" data-element_type=\"section\">\n\t\t\t\t\t\t<div class=\"elementor-container elementor-column-gap-default\">\n\t\t\t\t\t<div class=\"elementor-column elementor-col-100 elementor-top-column elementor-element elementor-element-262b868\" data-id=\"262b868\" data-element_type=\"column\">\n\t\t\t<div class=\"elementor-widget-wrap elementor-element-populated\">\n\t\t\t\t\t\t<div class=\"elementor-element elementor-element-368b5a2 elementor-widget elementor-widget-heading\" data-id=\"368b5a2\" data-element_type=\"widget\" data-widget_type=\"heading.default\">\n\t\t\t\t<div class=\"elementor-widget-container\">\n\t\t\t\t\t<h3 class=\"elementor-heading-title elementor-size-default\">Coordonn\u00e9es de la personne \u00e0 contacter\n<\/h3>\t\t\t\t<\/div>\n\t\t\t\t<\/div>\n\t\t\t\t<div class=\"elementor-element elementor-element-5e33f08 elementor-widget elementor-widget-text-editor\" data-id=\"5e33f08\" data-element_type=\"widget\" data-widget_type=\"text-editor.default\">\n\t\t\t\t<div class=\"elementor-widget-container\">\n\t\t\t\t\t\t\t\t\t<div class=\"iconed icon_owner\">\n<h5>Contr\u00f4leur et responsable du traitement des donn\u00e9es<\/h5>\n<p>JetSki Club Torrevieja,\nClub N\u00e1utico de Torrevieja, Pso. Vistalegre, s\/n, 03181 Torrevieja, Alicante <\/p>\n\n<strong><\/p>Adresse \u00e9lectronique de contact du titulaire :<\/p><\/strong> <a style=\"color:black\" href=\"mailto:info@actividadestorrevieja.com\">info@actividadestorrevieja.com<\/a>\n<\/div>\t\t\t\t\t\t\t\t<\/div>\n\t\t\t\t<\/div>\n\t\t\t\t\t<\/div>\n\t\t<\/div>\n\t\t\t\t\t<\/div>\n\t\t<\/section>\n\t\t\t\t<\/div>\n\t\t","protected":false},"excerpt":{"rendered":"<p>Les donn\u00e9es \u00e0 caract\u00e8re personnel sont trait\u00e9es aux fins suivantes et en utilisant les services suivants : Acc\u00e8s aux comptes de services de tiers Acc\u00e8s au compte Facebook Autorisations : Donn\u00e9es d&#8217;utilisation ; Adresse \u00e9lectronique ; Informations sur l&#8217;appareil ; Traceurs Statistiques Google Analytics 4 Donn\u00e9es personnelles : nombre d&#8217;utilisateurs ; donn\u00e9es d&#8217;utilisation ; statistiques [&hellip;]<\/p>\n","protected":false},"author":1,"featured_media":0,"parent":0,"menu_order":0,"comment_status":"closed","ping_status":"closed","template":"","meta":{"footnotes":""},"class_list":["post-5290","page","type-page","status-publish","hentry"],"yoast_head":"<!-- This site is optimized with the Yoast SEO plugin v26.3 - https:\/\/yoast.com\/wordpress\/plugins\/seo\/ -->\n<title>Politique de confidentialit\u00e9 - Jetski - Alquiler de motos en Torrevieja<\/title>\n<meta name=\"robots\" content=\"index, follow, max-snippet:-1, max-image-preview:large, max-video-preview:-1\" \/>\n<link rel=\"canonical\" href=\"https:\/\/desarrollo.niveldecalidad.com\/fr\/politique-de-confidentialite\/\" \/>\n<meta property=\"og:locale\" content=\"fr_FR\" \/>\n<meta property=\"og:type\" content=\"article\" \/>\n<meta property=\"og:title\" content=\"Politique de confidentialit\u00e9 - Jetski - Alquiler de motos en Torrevieja\" \/>\n<meta property=\"og:description\" content=\"Les donn\u00e9es \u00e0 caract\u00e8re personnel sont trait\u00e9es aux fins suivantes et en utilisant les services suivants : Acc\u00e8s aux comptes de services de tiers Acc\u00e8s au compte Facebook Autorisations : Donn\u00e9es d&#8217;utilisation ; Adresse \u00e9lectronique ; Informations sur l&#8217;appareil ; Traceurs Statistiques Google Analytics 4 Donn\u00e9es personnelles : nombre d&#8217;utilisateurs ; donn\u00e9es d&#8217;utilisation ; statistiques [&hellip;]\" \/>\n<meta property=\"og:url\" content=\"https:\/\/desarrollo.niveldecalidad.com\/fr\/politique-de-confidentialite\/\" \/>\n<meta property=\"og:site_name\" content=\"Jetski - Alquiler de motos en Torrevieja\" \/>\n<meta property=\"article:modified_time\" content=\"2025-06-19T11:09:14+00:00\" \/>\n<meta name=\"twitter:card\" content=\"summary_large_image\" \/>\n<meta name=\"twitter:label1\" content=\"Dur\u00e9e de lecture estim\u00e9e\" \/>\n\t<meta name=\"twitter:data1\" content=\"1 minute\" \/>\n<script type=\"application\/ld+json\" class=\"yoast-schema-graph\">{\"@context\":\"https:\/\/schema.org\",\"@graph\":[{\"@type\":\"WebPage\",\"@id\":\"https:\/\/desarrollo.niveldecalidad.com\/fr\/politique-de-confidentialite\/\",\"url\":\"https:\/\/desarrollo.niveldecalidad.com\/fr\/politique-de-confidentialite\/\",\"name\":\"Politique de confidentialit\u00e9 - Jetski - Alquiler de motos en Torrevieja\",\"isPartOf\":{\"@id\":\"https:\/\/desarrollo.niveldecalidad.com\/fr\/#website\"},\"datePublished\":\"2025-06-17T06:11:45+00:00\",\"dateModified\":\"2025-06-19T11:09:14+00:00\",\"breadcrumb\":{\"@id\":\"https:\/\/desarrollo.niveldecalidad.com\/fr\/politique-de-confidentialite\/#breadcrumb\"},\"inLanguage\":\"fr-FR\",\"potentialAction\":[{\"@type\":\"ReadAction\",\"target\":[\"https:\/\/desarrollo.niveldecalidad.com\/fr\/politique-de-confidentialite\/\"]}]},{\"@type\":\"BreadcrumbList\",\"@id\":\"https:\/\/desarrollo.niveldecalidad.com\/fr\/politique-de-confidentialite\/#breadcrumb\",\"itemListElement\":[{\"@type\":\"ListItem\",\"position\":1,\"name\":\"Portada\",\"item\":\"https:\/\/desarrollo.niveldecalidad.com\/fr\/jet-skis-a-alicante\/\"},{\"@type\":\"ListItem\",\"position\":2,\"name\":\"Politique de confidentialit\u00e9\"}]},{\"@type\":\"WebSite\",\"@id\":\"https:\/\/desarrollo.niveldecalidad.com\/fr\/#website\",\"url\":\"https:\/\/desarrollo.niveldecalidad.com\/fr\/\",\"name\":\"Jetski - Alquiler de motos en Torrevieja\",\"description\":\"Excursiones en moto de agua en Torrevieja.\",\"potentialAction\":[{\"@type\":\"SearchAction\",\"target\":{\"@type\":\"EntryPoint\",\"urlTemplate\":\"https:\/\/desarrollo.niveldecalidad.com\/fr\/?s={search_term_string}\"},\"query-input\":{\"@type\":\"PropertyValueSpecification\",\"valueRequired\":true,\"valueName\":\"search_term_string\"}}],\"inLanguage\":\"fr-FR\"}]}<\/script>\n<!-- \/ Yoast SEO plugin. -->","yoast_head_json":{"title":"Politique de confidentialit\u00e9 - Jetski - Alquiler de motos en Torrevieja","robots":{"index":"index","follow":"follow","max-snippet":"max-snippet:-1","max-image-preview":"max-image-preview:large","max-video-preview":"max-video-preview:-1"},"canonical":"https:\/\/desarrollo.niveldecalidad.com\/fr\/politique-de-confidentialite\/","og_locale":"fr_FR","og_type":"article","og_title":"Politique de confidentialit\u00e9 - Jetski - Alquiler de motos en Torrevieja","og_description":"Les donn\u00e9es \u00e0 caract\u00e8re personnel sont trait\u00e9es aux fins suivantes et en utilisant les services suivants : Acc\u00e8s aux comptes de services de tiers Acc\u00e8s au compte Facebook Autorisations : Donn\u00e9es d&#8217;utilisation ; Adresse \u00e9lectronique ; Informations sur l&#8217;appareil ; Traceurs Statistiques Google Analytics 4 Donn\u00e9es personnelles : nombre d&#8217;utilisateurs ; donn\u00e9es d&#8217;utilisation ; statistiques [&hellip;]","og_url":"https:\/\/desarrollo.niveldecalidad.com\/fr\/politique-de-confidentialite\/","og_site_name":"Jetski - Alquiler de motos en Torrevieja","article_modified_time":"2025-06-19T11:09:14+00:00","twitter_card":"summary_large_image","twitter_misc":{"Dur\u00e9e de lecture estim\u00e9e":"1 minute"},"schema":{"@context":"https:\/\/schema.org","@graph":[{"@type":"WebPage","@id":"https:\/\/desarrollo.niveldecalidad.com\/fr\/politique-de-confidentialite\/","url":"https:\/\/desarrollo.niveldecalidad.com\/fr\/politique-de-confidentialite\/","name":"Politique de confidentialit\u00e9 - Jetski - Alquiler de motos en Torrevieja","isPartOf":{"@id":"https:\/\/desarrollo.niveldecalidad.com\/fr\/#website"},"datePublished":"2025-06-17T06:11:45+00:00","dateModified":"2025-06-19T11:09:14+00:00","breadcrumb":{"@id":"https:\/\/desarrollo.niveldecalidad.com\/fr\/politique-de-confidentialite\/#breadcrumb"},"inLanguage":"fr-FR","potentialAction":[{"@type":"ReadAction","target":["https:\/\/desarrollo.niveldecalidad.com\/fr\/politique-de-confidentialite\/"]}]},{"@type":"BreadcrumbList","@id":"https:\/\/desarrollo.niveldecalidad.com\/fr\/politique-de-confidentialite\/#breadcrumb","itemListElement":[{"@type":"ListItem","position":1,"name":"Portada","item":"https:\/\/desarrollo.niveldecalidad.com\/fr\/jet-skis-a-alicante\/"},{"@type":"ListItem","position":2,"name":"Politique de confidentialit\u00e9"}]},{"@type":"WebSite","@id":"https:\/\/desarrollo.niveldecalidad.com\/fr\/#website","url":"https:\/\/desarrollo.niveldecalidad.com\/fr\/","name":"Jetski - Alquiler de motos en Torrevieja","description":"Excursiones en moto de agua en Torrevieja.","potentialAction":[{"@type":"SearchAction","target":{"@type":"EntryPoint","urlTemplate":"https:\/\/desarrollo.niveldecalidad.com\/fr\/?s={search_term_string}"},"query-input":{"@type":"PropertyValueSpecification","valueRequired":true,"valueName":"search_term_string"}}],"inLanguage":"fr-FR"}]}},"_links":{"self":[{"href":"https:\/\/desarrollo.niveldecalidad.com\/fr\/wp-json\/wp\/v2\/pages\/5290","targetHints":{"allow":["GET"]}}],"collection":[{"href":"https:\/\/desarrollo.niveldecalidad.com\/fr\/wp-json\/wp\/v2\/pages"}],"about":[{"href":"https:\/\/desarrollo.niveldecalidad.com\/fr\/wp-json\/wp\/v2\/types\/page"}],"author":[{"embeddable":true,"href":"https:\/\/desarrollo.niveldecalidad.com\/fr\/wp-json\/wp\/v2\/users\/1"}],"replies":[{"embeddable":true,"href":"https:\/\/desarrollo.niveldecalidad.com\/fr\/wp-json\/wp\/v2\/comments?post=5290"}],"version-history":[{"count":1,"href":"https:\/\/desarrollo.niveldecalidad.com\/fr\/wp-json\/wp\/v2\/pages\/5290\/revisions"}],"predecessor-version":[{"id":5291,"href":"https:\/\/desarrollo.niveldecalidad.com\/fr\/wp-json\/wp\/v2\/pages\/5290\/revisions\/5291"}],"wp:attachment":[{"href":"https:\/\/desarrollo.niveldecalidad.com\/fr\/wp-json\/wp\/v2\/media?parent=5290"}],"curies":[{"name":"wp","href":"https:\/\/api.w.org\/{rel}","templated":true}]}}